{"id":1919,"date":"2023-04-15T02:15:20","date_gmt":"2023-04-15T00:15:20","guid":{"rendered":"https:\/\/bielskimeble.pl\/?page_id=1919"},"modified":"2023-04-15T02:24:38","modified_gmt":"2023-04-15T00:24:38","slug":"wp_blog_designer","status":"publish","type":"page","link":"https:\/\/bielskimeble.pl\/?page_id=1919","title":{"rendered":"Blog"},"content":{"rendered":"<style type=\"text\/css\">\r\n\t\/**\r\n\t * Table of Contents\r\n\t *\r\n\t * 1.0 - Pagination\r\n\t * 2.0 - Social Media Icon\r\n\t * 3.0 - Default Blog Template\r\n\t * 4.0 - Classical Template\r\n\t * 5.0 - Light Breeze Template\r\n\t * 6.0 - Spektrum Template\r\n\t * 7.0 - Evolution Template\r\n\t * 8.0 - Timeline Template\r\n\t * 9.0 - News Template\r\n\t * 10.0 - Sallet Template\r\n\t * 11.0 - Media Grid Template\r\n\t * 12.0 - Crayon Slider Template\r\n\t * 13.0 - Blog-Carousel Template\r\n\t * 14.0 - Blog-Grid-Box Template\r\n\t * 15.0 - Ticker Template\r\n\t *\r\n\t *\/\r\n\t\/**\r\n\t * 1.0 - Pagination\r\n\t *\/\r\n\t.bdp-load-more a.button.bdp-load-more-btn {\r\n\t\tbackground-color: #a49538;\t\tcolor: #e5e5e5;\t\tfont-size:14px;\t}\r\n\t.bd_pagination_box.wl_pagination_box .paging-navigation ul.page-numbers li a.page-numbers:hover,\r\n\t.bd_pagination_box.wl_pagination_box .paging-navigation ul.page-numbers li > span.current {\r\n\t\tbackground-color: #a49538;\t\tcolor: #e5e5e5;\t\tfont-size:14px;\t}\r\n\t.bd_pagination_box.wl_pagination_box .paging-navigation ul.page-numbers li a.page-numbers {\r\n\t\tbackground-color: #e5e5e5;\t\tcolor: #a49538;\t\tfont-size:14px;\t}\r\n\t.bd_pagination_box.wl_pagination_box .paging-navigation ul.page-numbers li a.page-numbers.dots {\r\n\t\tfont-size:14px !important;\t}\r\n\t\/**\r\n\t * 2.0 - Social Media Icon\r\n\t *\/    \r\n\t.blog_template .social-component a {\r\n\t\tborder-radius: 100%;\t}\r\n\t\/**\r\n\t * 3.0 - Default Blog Template\r\n\t *\/\r\n\t\t.blog_template .bd-more-tag-inline {\r\n\t\tcolor: #e5e5e5 !important;\t\tfont-size:14px;\t}\r\n\t\t\t.bdp_blog_template .blog_header h2,\r\n\t\t.bdp_blog_template .blog_header h2 a,\r\n\t\t.bdp_blog_template .bd-blog-header h2,\r\n\t\t.bdp_blog_template .bd-blog-header a,\r\n\t\t.bdp_blog_template .bd-blog-header h2 a,\r\n\t\t.bdp_blog_template .bd_ad_container h4, \r\n\t\t.blog_template .bd_ad_container h4 {\r\n\t\t\tcolor: #333333 !important;\t\t\tfont-size: 30px;\t\t\t\r\n\t\t}\r\n\t\t.post_content-inner p,\r\n\t.bd-post-content {\r\n\t\tcolor:#333333;\t\tfont-size:14px;\t}\r\n\t.bdp_blog_template .bd-metacats,\r\n\t.bd-tags,\r\n\tspan.bd-category-link,\r\n\t.bdp_blog_template .author,\r\n\t.bdp_blog_template .date,\r\n\t.bdp_blog_template .bd-categories,\r\n\t.bdp_blog_template.evolution .bd-categories a,\r\n\t.bdp_blog_template .bd-categories a,\r\n\t.bd-meta-data-box .bd-metacats,\r\n\t.bd-meta-data-box .bd-metacomments,\r\n\t.bd-meta-data-box .bd-metacomments span,\r\n\t.bdp_blog_template .date i, .bdp_blog_template .author i, .bdp_blog_template .comment i,\r\n\t.bd-tags a,\r\n\tspan.bd-category-link a,\r\n\t.bd-metadatabox p,\r\n\tspan .bd-link-label,\r\n\t.bdp_blog_template .blog_footer span,\r\n\t.bd-metacomments i,\r\n\t.date_wrap i,\r\n\t.bdp_blog_template a,\r\n\t.bdp_blog_template .post_content,\r\n\t.bd-categories i,\r\n\t.bdp_blog_template.spektrum .post-bottom .post-by,\r\n\t.bdp_blog_template.spektrum .post-bottom .bd-tags,\r\n\t.bd-metadatabox,\r\n\t.bdp_blog_template.news .bd-blog-header .bd-metadatabox a,\r\n\t.bdp_blog_template.news .post-content-div .post_cat_tag > span i,\r\n\t.bdp_blog_template .bd-meta-data-box .bd-metadate, .bdp_blog_template .bd-meta-data-box .bd-metauser, .bdp_blog_template .bd-meta-data-box .bd-metacats,\r\n\t.bd-meta-data-box .bd-metacats a,\r\n\t.bd-meta-data-box .bd-metacomments a,\r\n\t.bdp_blog_template.box-template .bd-tags,\r\n\t.bdp_blog_template .datetime,\r\n\t.bdp_blog_template .link-lable,\r\n\t.bdp_blog_template .post-date\r\n\t.bdp_blog_template .bd_ad_container p, .blog_template .bd_ad_container, .bdp_blog_template .post-date {\r\n\t\tfont-size:14px;\t}\r\n\t.bdp_blog_template .date,\r\n\t.bdp_blog_template .comment,\r\n\t.bdp_blog_template .author .bd-icon-author,\r\n\t.bdp_blog_template .author,\r\n\t.bdp_blog_template.news .post-content-div .post_cat_tag > span i ,\r\n\t.bdp_blog_template .post-by,\r\n\t.bdp_blog_template .bd-categories i,\r\n\t.bdp_blog_template .bd-metacats i,\r\n\t.bdp_blog_template .category-link i,\r\n\t.bdp_blog_template .bd-tags i,\r\n\t.bdp_blog_template .bd-metacomments,\r\n\t.bdp_blog_template .date_wrap i,\r\n\t.bdp_blog_template .post-date,\r\n\t.bdp_blog_template .link-lable,\r\n\t.bdp_blog_template .datetime,\r\n\t.bdp_blog_template.glossary .post-author span,\r\n\t.bdp_blog_template .post_content-inner p,\r\n\t.bdp_blog_template .post_content,\r\n\t.bdp_blog_template .tags i {\r\n\t\tcolor:#333333;\t}\r\n\t.bdp_blog_template .bd-meta-data-box {\r\n\t\tcolor:#333333;\t}\r\n\t.bdp_blog_template .bd-meta-data-box i {\r\n\t\tcolor: #333333;\t}\r\n\t\t\t.bd-metadatabox {\r\n\t\t\tcolor:#333333;\t\t}\r\n\t\t.bd-link-label {\r\n\t\tcolor:#333333;\t}\r\n\t.bdp_blog_template a.bd-more-tag {\r\n\t\tbackground-color: #a49538!important;\t\tcolor: #e5e5e5!important;\t}\r\n\t\t\t.bdp_blog_template a.bd-more-tag:hover {\r\n\t\t\tbackground-color: #e5e5e5!important;\t\t\tcolor: #a49538!important;\t\t}\r\n\t\t.bdp_blog_template i {\r\n\t\tfont-style: normal !important;\r\n\t}\r\n\t\t\t.bd-tags,\r\n\t\tspan.bd-category-link,\r\n\t\t.bdp_blog_template .bd-categories,\r\n\t\t.bd-meta-data-box .bd-metacats,\r\n\t\t.bd-meta-data-box .bd-metacats a,\r\n\t\t.bd-meta-data-box .bd-metacomments a,\r\n\t\t.bdp_blog_template .bd-categories a,\r\n\t\t.bd-post-content a,\r\n\t\t.bd-tags a,\r\n\t\tspan.bd-category-link a,\r\n\t\t.bdp_blog_template .tags,\r\n\t\t.bdp_blog_template a {\r\n\t\t\tcolor:#a49538 !important;\r\n\t\t\tfont-weight: normal !important;\r\n\t\t}\r\n\t\t\t\t.bd-meta-data-box .bd-metacats a:hover,\r\n\t\t.bd-meta-data-box .bd-metacomments a:hover,\r\n\t\t.bdp_blog_template .bd-categories a:hover,\r\n\t\t.spektrum .post-bottom .bd-categories a:hover,\r\n\t\t.bd-post-content a:hover,\r\n\t\t.bd-tags a:hover,\r\n\t\tspan.bd-category-link a:hover,\r\n\t\t.bdp_blog_template a:hover,\r\n\t\t.bd-post-content a:hover {\r\n\t\t\tcolor:#555555 !important;\r\n\t\t}\r\n\t\t\t\t.bdp_blog_template.evolution,\r\n\t\t.bdp_blog_template.lightbreeze {\r\n\t\t\tbackground: #ffffff;\r\n\t\t}\r\n\t\t\t\/**\r\n\t * 4.0 - Classical Template\r\n\t *\/\r\n\t.bdp_blog_template.classical .bd-blog-header .bd-tags {\r\n\t\tcolor: #a49538;\t}\r\n\t\/**\r\n\t * 5.0 - Light Breeze Template\r\n\t *\/\r\n\t\/**\r\n\t * 6.0 - Spektrum Template\r\n\t *\/\r\n\t.bdp_blog_template.spektrum .bd-blog-header {\r\n\t\t\t}\r\n\t\t\t.spektrum .date {\r\n\t\t\tbackground-color: #333333;\r\n\t\t}\r\n\t\t\t\t.spektrum .post-bottom .bd-categories a {\r\n\t\t\tcolor: #a49538;\r\n\t\t}\r\n\t\t\t\t.spektrum .details a {\r\n\t\t\tcolor :#e5e5e5 !important;\r\n\t\t\tfont-size:14px;\t\t}\r\n\t\t\t\t.spektrum .details a:hover {\r\n\t\t\tcolor :#a49538;\r\n\t\t}\r\n\t\t\/**\r\n\t * 7.0 - Evolution Template\r\n\t *\/\r\n\t\/**\r\n\t * 8.0 - Timeline Template\r\n\t *\/\r\n\t.timeline_bg_wrap:before {\r\n\t\tbackground: none repeat scroll 0 0 #a49538;\r\n\t}\r\n\t.bd-datetime {\r\n\t\tbackground: none repeat scroll 0 0 #a49538;\r\n\t}\r\n\t.bdp_blog_template.timeline .post_hentry > p > i {\r\n\t\tbackground: #a49538;\t}\r\n\t.bdp_blog_template.timeline:nth-child(2n+1) .post_content_wrap:before,\r\n\t.bdp_blog_template.timeline:nth-child(2n+1) .post_content_wrap:after {\r\n\t\tborder-left: 8px solid #a49538;\r\n\t}\r\n\t.rtl .bdp_blog_template.timeline:nth-child(2n+1) .post_content_wrap:before,\r\n\t.rtl .bdp_blog_template.timeline:nth-child(2n+1) .post_content_wrap:after {\r\n\t\tborder-right: 8px solid #a49538;\r\n\t}\r\n\t.bdp_blog_template.timeline:nth-child(2n) .post_content_wrap:before,\r\n\t.bdp_blog_template.timeline:nth-child(2n) .post_content_wrap:after {\r\n\t\tborder-right: 8px solid #a49538;\r\n\t}\r\n\t.rtl .bdp_blog_template.timeline:nth-child(2n) .post_content_wrap:before,\r\n\t.rtl .bdp_blog_template.timeline:nth-child(2n) .post_content_wrap:after {\r\n\t\tborder-left: 8px solid #a49538;\r\n\t}\r\n\t.post_content_wrap {\r\n\t\tborder:1px solid #a49538;\r\n\t}\r\n\t.bdp_blog_template .post_content_wrap .blog_footer {\r\n\t\tborder-top: 1px solid #a49538 ;\r\n\t}\r\n\t.bdp_blog_template .post-icon {\r\n\t\t\t}\r\n\t.bdp_blog_template.timeline .desc h3 a{\r\n\t\tcolor: #333333 !important;\t\t\t\tfont-size: 30px;\t}\r\n\r\n\t\/*media query*\/\r\n\t@media screen and (max-width: 991px) {\r\n\t\t.bdp_blog_template.timeline:nth-child(2n+1) .post_content_wrap:before,\r\n\t\t.bdp_blog_template.timeline:nth-child(2n+1) .post_content_wrap:after {\r\n\t\t\tborder-right: 8px solid #a49538;\r\n\t\t}\r\n\t}\r\n\t\/**\r\n\t * 9.0 - News Template\r\n\t *\/\r\n\t\t\t.bdp_blog_template.news .bd-blog-header h2.title a{\r\n\t\t\tcolor: #333333;\t\t\tfont-size: 30px;\t\t}\r\n\t\t.blog_template.boxy-clean .blog_header h2,\r\n\t.bdp_blog_template.news .bd-blog-header h2.title{\r\n\t\t\t}\r\n\t.bdp_blog_template.news {\r\n\t\tbackground-color: #a49538\t}\r\n\t.bdp_blog_template.news a.bd-more-tag{\r\n\t\tfloat: right !important;\r\n\t}\r\n\t.blog_template.boxy-clean ul li:hover,\r\n\t.blog_template.boxy-clean ul li:hover .blog_header h2 {\r\n\t\tbackground: #caccce;\r\n\t}\r\n\t.glossary .post_content-inner {\r\n\t\tborder-color: #a49538;\t}\r\n\t.blog_template.boxy-clean .blog_wrap.bdp_blog_template .author {\r\n\t\tbackground: #a49538;\t}\r\n\t\/** 10.0 - Sallet Template *\/\r\n\t.bdp_blog_template.sallet_slider .blog_header > div > div > div {\r\n\t\tbackground: #ffffff;\t}\r\n\t.bdp_blog_template.sallet_slider .blog_header > div > div > div::before {\r\n\t\tbackground: #a49538 none repeat scroll 0 0;\t}\r\n\t.bdp_blog_template.sallet_slider.right {\r\n\t\tbackground: #a49538 ;\t}\r\n\t.blog_template.sallet_slider .category-link a {\r\n\t\tbackground: #a49538 ;\t\tcolor: #fff !important;\r\n\t}\r\n\t\/** 11.0 - Media Grid Template *\/\r\n\t.bdp_blog_template.media-grid .blog_header h2 a {\r\n\t\t\t}\r\n\t.bdp_blog_template.media-grid .bd-metacats {\r\n\t\tbackground: #a49538\t}\r\n\t.bdp_blog_template.media-grid .post-meta .postdate {\r\n\t\tfont-size: 14px\t}\r\n\t\/** 12.0 - Crayon Slider Template *\/\r\n\t\t\t\/** 13.0 - Blog Carousel Template *\/\r\n\tli.blog_template.bdp_blog_template.blog_carousel {\r\n\t\tbackground: #a49538\t}\r\n\t.blog_template.blog_carousel .blog_header {\r\n\tbackground: #caccce\t}\r\n\t\/** 14.0 - Blog-Grid-Box Template *\/\r\n\t.blog_template.blog-grid-box .bd-more-next-line a {\r\n\t\tbackground: #a49538;\t\tcolor: #e5e5e5\t}\r\n\t.blog_template.blog-grid-box .post-comment a,\r\n\t.blog_template.blog-grid-box .mauthor .author a,\r\n\t.blog_template.blog-grid-box .bd-metacats a,\r\n\t.blog_template.blog-grid-box .mdate a {\r\n\t\tcolor: #a49538\t}\r\n\t.blog_template.blog-grid-box .post-comment a:hover,\r\n\t.blog_template.blog-grid-box .mauthor .author a:hover,\r\n\t.blog_template.blog-grid-box .bd-metacats a:hover,\r\n\t.blog_template.blog-grid-box .mdate a:hover {\r\n\t\tcolor: #555555\t}\r\n\t.blog_template.blog-grid-box .post_title a {\r\n\t\tcolor: #333333;font-size: 30px\t}\r\n\t.blog_template.blog-grid-box .post_content {\r\n\t\tcolor: #333333;font-size: 14px\t}\r\n\t.blog_template.blog-grid-box {\r\n\t\tbackground: #a49538\t}\r\n\r\n\t\/** 15.0 - Ticker Template *\/\r\n\t#blog-ticker-style-1 {\r\n\t\tborder-color: #a49538\t}\r\n\t#blog-ticker-style-1 .ticker-title {\r\n\t\tbackground-color: #a49538\t}\r\n\t#blog-ticker-style-1 .ticker-style-title {\r\n\t\t\t}\r\n\t#blog-ticker-style-1 .ticker-title>span {\r\n\t\tborder-color: transparent transparent transparent#a49538\t}\r\n\t#blog-ticker-style-1 .blog-tickers a:hover {\r\n\t\tcolor: #a49538\t}\r\n\t#blog-ticker-style-1 .blog-tickers a {\r\n\t\tcolor: #333333\t}\r\n\t<\/style>\r\n<div class=\"bdp_wrapper\">\t\t\t\t<div class=\"media-grid-wrapper\">\r\n\t\t\t\t\t\t\t<div class=\"blog_wrap bdp_blog_template media-grid three_column two_column_ipad two_column_tablet one_column_mobile bdp_blog_single_post_wrapp\">\r\n\t\t\t<div class=\"post-media\">\r\n\t\t\t\t\t\t\t\t\t<div class=\"bd-post-image\"><a href=\"https:\/\/bielskimeble.pl\/?p=1926\"><img loading=\"lazy\" decoding=\"async\" width=\"1536\" height=\"2048\" src=\"https:\/\/bielskimeble.pl\/wp-content\/uploads\/2023\/04\/WhatsApp-Image-2023-03-18-at-16.20.46-1.jpeg\" class=\"attachment-full size-full wp-post-image\" alt=\"\" srcset=\"https:\/\/bielskimeble.pl\/wp-content\/uploads\/2023\/04\/WhatsApp-Image-2023-03-18-at-16.20.46-1.jpeg 1536w, https:\/\/bielskimeble.pl\/wp-content\/uploads\/2023\/04\/WhatsApp-Image-2023-03-18-at-16.20.46-1-225x300.jpeg 225w, https:\/\/bielskimeble.pl\/wp-content\/uploads\/2023\/04\/WhatsApp-Image-2023-03-18-at-16.20.46-1-768x1024.jpeg 768w, https:\/\/bielskimeble.pl\/wp-content\/uploads\/2023\/04\/WhatsApp-Image-2023-03-18-at-16.20.46-1-1152x1536.jpeg 1152w, https:\/\/bielskimeble.pl\/wp-content\/uploads\/2023\/04\/WhatsApp-Image-2023-03-18-at-16.20.46-1-600x800.jpeg 600w\" sizes=\"auto, (max-width: 1536px) 100vw, 1536px\" \/><\/a><\/div> \r\n\t\t\t\t\t\t\t\t\t\t\t\t\t\t\t<div class=\"bd-metacats\">\r\n\t\t\t\t\t\t<a href=\"https:\/\/bielskimeble.pl\/?cat=42\" rel=\"category\">Stolarstwo<\/a>\t\t\t\t\t\t<\/div>\r\n\t\t\t\t\t\t\t\t\t<\/div>\r\n\t\t\t<div class=\"content-container\">\r\n\t\t\t\t<div class=\"content-inner\">\r\n\t\t\t\t\t<div class=\"post_summary_outer\">\r\n\t\t\t\t\t\t<div class=\"blog_header\">\r\n\t\t\t\t\t\t\t<h2><a href=\"https:\/\/bielskimeble.pl\/?p=1926\">Stolarstwo &#8211; sztuka obr\u00f3bki drewna<\/a><\/h2>\r\n\t\t\t\t\t\t<\/div>\r\n\t\t\t\t\t\t<div class=\"post_content\">\r\n\t\t\t\t\t\t\tStolarstwo to jedno z najstarszych rzemios\u0142, kt\u00f3re przetrwa\u0142o do dzi\u015b. Stolarze zajmuj\u0105 si\u0119 obr\u00f3bk\u0105 drewna, wytwarzaniem z niego r\u00f3\u017cnego rodzaju mebli, schod\u00f3w, drzwi czy okien. Ich praca polega na wykorzystaniu\t\t\t\t\t\t\t\t\t\t\t\t\t<\/div>\r\n\t\t\t\t\t\t<div class=\"read-more\">\r\n\t\t\t\t\t\t\t<div class=\"bd-more-next-line\"><a class=\"bd-more-tag\" href=\"https:\/\/bielskimeble.pl\/?p=1926\">Czytaj dalej <\/a><\/div>\t\t\t\t\t\t<\/div>\r\n\t\t\t\t\t<\/div>\r\n\t\t\t\t\t<div class=\"post-meta\">\r\n\t\t\t\t\t\t\t\t\t\t\t\t\t<span class=\"postdate\">On \t\t\t\t\t\t\t\t<a class=\"date\" href=\"https:\/\/bielskimeble.pl\/?m=20230415\">15 kwietnia, 2023<\/a>\r\n\t\t\t\t\t\t\t<\/span>\r\n\t\t\t\t\t\t\t\t\t\t\t\t\t\t\t<span class=\"post-comment\">\r\n\t\t\t\t\t\t\t\t\t<i class=\"fas fa-comments\"><\/i>\r\n\t\t\t\t\t\t\t\t\t<a href=\"https:\/\/bielskimeble.pl\/?p=1926#respond\">0<\/a>\t\t\t\t\t\t\t\t<\/span>  \r\n\t\t\t\t\t\t\t\t\t\t\t\t\t<\/div>\r\n\t\t\t\t\t<div class='bd_social_share_wrap'>\r\n\t\t\t\t\t\t\t\t\t\t\t\t\t<div class=\"social-component\">\r\n\t\t\t\t\t\t\t\t\t\t\t\t\t\t\t\t\t<a data-share=\"facebook\" data-href=\"https:\/\/www.facebook.com\/sharer\/sharer.php\" data-url=\"https:\/\/bielskimeble.pl\/?p=1926\" class=\"bd-facebook-share bd-social-share\"><i class=\"fab fa-facebook-f\"><\/i><\/a>\r\n\t\t\t\t\t\t\t\t\t\t\t\t\t\t\t\t\t\t\t\t\t\t\t\t\t<a data-share=\"twitter\" data-href=\"https:\/\/twitter.com\/share\" data-text=\"Stolarstwo &#8211; sztuka obr\u00f3bki drewna\" data-url=\"https:\/\/bielskimeble.pl\/?p=1926\" class=\"bd-twitter-share bd-social-share\"><i class=\"fab fa-twitter\"><\/i><\/a>\r\n\t\t\t\t\t\t\t\t\t\t\t\t\t\t\t\t\t\t\t\t\t\t\t\t\t\t\t\t\t\t\t<\/div>\r\n\t\t\t\t\t\t\t\t\t\t\t<\/div>\r\n\t\t\t\t<\/div>\r\n\t\t\t<\/div>\r\n\t\t<\/div>\r\n\r\n\t\t\t\t<div class=\"blog_wrap bdp_blog_template media-grid three_column two_column_ipad two_column_tablet one_column_mobile bdp_blog_single_post_wrapp\">\r\n\t\t\t<div class=\"post-media\">\r\n\t\t\t\t\t\t\t\t\t<div class=\"bd-post-image\"><a href=\"https:\/\/bielskimeble.pl\/?p=1914\"><img loading=\"lazy\" decoding=\"async\" width=\"1343\" height=\"2015\" src=\"https:\/\/bielskimeble.pl\/wp-content\/uploads\/2023\/03\/WhatsApp-Image-2023-03-18-at-16.25.08-3.jpeg\" class=\"attachment-full size-full wp-post-image\" alt=\"\" srcset=\"https:\/\/bielskimeble.pl\/wp-content\/uploads\/2023\/03\/WhatsApp-Image-2023-03-18-at-16.25.08-3.jpeg 1343w, https:\/\/bielskimeble.pl\/wp-content\/uploads\/2023\/03\/WhatsApp-Image-2023-03-18-at-16.25.08-3-200x300.jpeg 200w, https:\/\/bielskimeble.pl\/wp-content\/uploads\/2023\/03\/WhatsApp-Image-2023-03-18-at-16.25.08-3-682x1024.jpeg 682w, https:\/\/bielskimeble.pl\/wp-content\/uploads\/2023\/03\/WhatsApp-Image-2023-03-18-at-16.25.08-3-768x1152.jpeg 768w, https:\/\/bielskimeble.pl\/wp-content\/uploads\/2023\/03\/WhatsApp-Image-2023-03-18-at-16.25.08-3-1024x1536.jpeg 1024w, https:\/\/bielskimeble.pl\/wp-content\/uploads\/2023\/03\/WhatsApp-Image-2023-03-18-at-16.25.08-3-600x900.jpeg 600w\" sizes=\"auto, (max-width: 1343px) 100vw, 1343px\" \/><\/a><\/div> \r\n\t\t\t\t\t\t\t\t\t\t\t\t\t\t\t<div class=\"bd-metacats\">\r\n\t\t\t\t\t\t<a href=\"https:\/\/bielskimeble.pl\/?cat=42\" rel=\"category\">Stolarstwo<\/a>\t\t\t\t\t\t<\/div>\r\n\t\t\t\t\t\t\t\t\t<\/div>\r\n\t\t\t<div class=\"content-container\">\r\n\t\t\t\t<div class=\"content-inner\">\r\n\t\t\t\t\t<div class=\"post_summary_outer\">\r\n\t\t\t\t\t\t<div class=\"blog_header\">\r\n\t\t\t\t\t\t\t<h2><a href=\"https:\/\/bielskimeble.pl\/?p=1914\">Meble na wymiar \u2013 czy warto?<\/a><\/h2>\r\n\t\t\t\t\t\t<\/div>\r\n\t\t\t\t\t\t<div class=\"post_content\">\r\n\t\t\t\t\t\t\tW dzisiejszych czasach, kiedy coraz wi\u0119cej os\u00f3b stawia na indywidualizm, dob\u00f3r odpowiednich mebli do naszego mieszkania lub domu jest niezwykle wa\u017cny. Decyduj\u0105c si\u0119 na wyb\u00f3r mebli, cz\u0119sto mamy do wyboru\t\t\t\t\t\t\t\t\t\t\t\t\t<\/div>\r\n\t\t\t\t\t\t<div class=\"read-more\">\r\n\t\t\t\t\t\t\t<div class=\"bd-more-next-line\"><a class=\"bd-more-tag\" href=\"https:\/\/bielskimeble.pl\/?p=1914\">Czytaj dalej <\/a><\/div>\t\t\t\t\t\t<\/div>\r\n\t\t\t\t\t<\/div>\r\n\t\t\t\t\t<div class=\"post-meta\">\r\n\t\t\t\t\t\t\t\t\t\t\t\t\t<span class=\"postdate\">On \t\t\t\t\t\t\t\t<a class=\"date\" href=\"https:\/\/bielskimeble.pl\/?m=20230415\">15 kwietnia, 2023<\/a>\r\n\t\t\t\t\t\t\t<\/span>\r\n\t\t\t\t\t\t\t\t\t\t\t\t\t\t\t<span class=\"post-comment\">\r\n\t\t\t\t\t\t\t\t\t<i class=\"fas fa-comments\"><\/i>\r\n\t\t\t\t\t\t\t\t\t<a href=\"https:\/\/bielskimeble.pl\/?p=1914#respond\">0<\/a>\t\t\t\t\t\t\t\t<\/span>  \r\n\t\t\t\t\t\t\t\t\t\t\t\t\t<\/div>\r\n\t\t\t\t\t<div class='bd_social_share_wrap'>\r\n\t\t\t\t\t\t\t\t\t\t\t\t\t<div class=\"social-component\">\r\n\t\t\t\t\t\t\t\t\t\t\t\t\t\t\t\t\t<a data-share=\"facebook\" data-href=\"https:\/\/www.facebook.com\/sharer\/sharer.php\" data-url=\"https:\/\/bielskimeble.pl\/?p=1914\" class=\"bd-facebook-share bd-social-share\"><i class=\"fab fa-facebook-f\"><\/i><\/a>\r\n\t\t\t\t\t\t\t\t\t\t\t\t\t\t\t\t\t\t\t\t\t\t\t\t\t<a data-share=\"twitter\" data-href=\"https:\/\/twitter.com\/share\" data-text=\"Meble na wymiar \u2013 czy warto?\" data-url=\"https:\/\/bielskimeble.pl\/?p=1914\" class=\"bd-twitter-share bd-social-share\"><i class=\"fab fa-twitter\"><\/i><\/a>\r\n\t\t\t\t\t\t\t\t\t\t\t\t\t\t\t\t\t\t\t\t\t\t\t\t\t\t\t\t\t\t\t<\/div>\r\n\t\t\t\t\t\t\t\t\t\t\t<\/div>\r\n\t\t\t\t<\/div>\r\n\t\t\t<\/div>\r\n\t\t<\/div>\r\n\r\n\t\t\t\t<div class=\"blog_wrap bdp_blog_template media-grid three_column two_column_ipad two_column_tablet one_column_mobile bdp_blog_single_post_wrapp\">\r\n\t\t\t<div class=\"post-media\">\r\n\t\t\t\t\t\t\t\t\t<div class=\"bd-post-image\"><a href=\"https:\/\/bielskimeble.pl\/?p=1839\"><img loading=\"lazy\" decoding=\"async\" width=\"1333\" height=\"1999\" src=\"https:\/\/bielskimeble.pl\/wp-content\/uploads\/2023\/03\/WhatsApp-Image-2023-03-21-at-20.49.03.jpeg\" class=\"attachment-full size-full wp-post-image\" alt=\"\" srcset=\"https:\/\/bielskimeble.pl\/wp-content\/uploads\/2023\/03\/WhatsApp-Image-2023-03-21-at-20.49.03.jpeg 1333w, https:\/\/bielskimeble.pl\/wp-content\/uploads\/2023\/03\/WhatsApp-Image-2023-03-21-at-20.49.03-200x300.jpeg 200w, https:\/\/bielskimeble.pl\/wp-content\/uploads\/2023\/03\/WhatsApp-Image-2023-03-21-at-20.49.03-683x1024.jpeg 683w, https:\/\/bielskimeble.pl\/wp-content\/uploads\/2023\/03\/WhatsApp-Image-2023-03-21-at-20.49.03-768x1152.jpeg 768w, https:\/\/bielskimeble.pl\/wp-content\/uploads\/2023\/03\/WhatsApp-Image-2023-03-21-at-20.49.03-1024x1536.jpeg 1024w, https:\/\/bielskimeble.pl\/wp-content\/uploads\/2023\/03\/WhatsApp-Image-2023-03-21-at-20.49.03-600x900.jpeg 600w\" sizes=\"auto, (max-width: 1333px) 100vw, 1333px\" \/><\/a><\/div> \r\n\t\t\t\t\t\t\t\t\t\t\t\t\t\t\t<div class=\"bd-metacats\">\r\n\t\t\t\t\t\t<a href=\"https:\/\/bielskimeble.pl\/?cat=42\" rel=\"category\">Stolarstwo<\/a>\t\t\t\t\t\t<\/div>\r\n\t\t\t\t\t\t\t\t\t<\/div>\r\n\t\t\t<div class=\"content-container\">\r\n\t\t\t\t<div class=\"content-inner\">\r\n\t\t\t\t\t<div class=\"post_summary_outer\">\r\n\t\t\t\t\t\t<div class=\"blog_header\">\r\n\t\t\t\t\t\t\t<h2><a href=\"https:\/\/bielskimeble.pl\/?p=1839\">Materia\u0142y u\u017cywane w stolarce artystycznej.<\/a><\/h2>\r\n\t\t\t\t\t\t<\/div>\r\n\t\t\t\t\t\t<div class=\"post_content\">\r\n\t\t\t\t\t\t\tStolarstwo artystyczne to sztuka tworzenia nietuzinkowych mebli, kt\u00f3re stanowi\u0105 harmonijn\u0105 ca\u0142o\u015b\u0107 z otaczaj\u0105cym wn\u0119trzem. Materia\u0142y, z kt\u00f3rych powstaj\u0105 te meble, odgrywaj\u0105 kluczow\u0105 rol\u0119 w procesie produkcji. W\u015br\u00f3d najpopularniejszych materia\u0142\u00f3w w\t\t\t\t\t\t\t\t\t\t\t\t\t<\/div>\r\n\t\t\t\t\t\t<div class=\"read-more\">\r\n\t\t\t\t\t\t\t<div class=\"bd-more-next-line\"><a class=\"bd-more-tag\" href=\"https:\/\/bielskimeble.pl\/?p=1839\">Czytaj dalej <\/a><\/div>\t\t\t\t\t\t<\/div>\r\n\t\t\t\t\t<\/div>\r\n\t\t\t\t\t<div class=\"post-meta\">\r\n\t\t\t\t\t\t\t\t\t\t\t\t\t<span class=\"postdate\">On \t\t\t\t\t\t\t\t<a class=\"date\" href=\"https:\/\/bielskimeble.pl\/?m=20230414\">14 kwietnia, 2023<\/a>\r\n\t\t\t\t\t\t\t<\/span>\r\n\t\t\t\t\t\t\t\t\t\t\t\t\t\t\t<span class=\"post-comment\">\r\n\t\t\t\t\t\t\t\t\t<i class=\"fas fa-comments\"><\/i>\r\n\t\t\t\t\t\t\t\t\t<a href=\"https:\/\/bielskimeble.pl\/?p=1839#respond\">0<\/a>\t\t\t\t\t\t\t\t<\/span>  \r\n\t\t\t\t\t\t\t\t\t\t\t\t\t<\/div>\r\n\t\t\t\t\t<div class='bd_social_share_wrap'>\r\n\t\t\t\t\t\t\t\t\t\t\t\t\t<div class=\"social-component\">\r\n\t\t\t\t\t\t\t\t\t\t\t\t\t\t\t\t\t<a data-share=\"facebook\" data-href=\"https:\/\/www.facebook.com\/sharer\/sharer.php\" data-url=\"https:\/\/bielskimeble.pl\/?p=1839\" class=\"bd-facebook-share bd-social-share\"><i class=\"fab fa-facebook-f\"><\/i><\/a>\r\n\t\t\t\t\t\t\t\t\t\t\t\t\t\t\t\t\t\t\t\t\t\t\t\t\t<a data-share=\"twitter\" data-href=\"https:\/\/twitter.com\/share\" data-text=\"Materia\u0142y u\u017cywane w stolarce artystycznej.\" data-url=\"https:\/\/bielskimeble.pl\/?p=1839\" class=\"bd-twitter-share bd-social-share\"><i class=\"fab fa-twitter\"><\/i><\/a>\r\n\t\t\t\t\t\t\t\t\t\t\t\t\t\t\t\t\t\t\t\t\t\t\t\t\t\t\t\t\t\t\t<\/div>\r\n\t\t\t\t\t\t\t\t\t\t\t<\/div>\r\n\t\t\t\t<\/div>\r\n\t\t\t<\/div>\r\n\t\t<\/div>\r\n\r\n\t\t\t\t\t\t<\/div>\r\n\t\t\t\t<div class=\"wl_pagination_box bd_pagination_box  media-grid\"><\/div><\/div>\n","protected":false},"excerpt":{"rendered":"","protected":false},"author":1,"featured_media":0,"parent":0,"menu_order":0,"comment_status":"closed","ping_status":"closed","template":"","meta":{"footnotes":""},"class_list":["post-1919","page","type-page","status-publish","hentry"],"_links":{"self":[{"href":"https:\/\/bielskimeble.pl\/index.php?rest_route=\/wp\/v2\/pages\/1919","targetHints":{"allow":["GET"]}}],"collection":[{"href":"https:\/\/bielskimeble.pl\/index.php?rest_route=\/wp\/v2\/pages"}],"about":[{"href":"https:\/\/bielskimeble.pl\/index.php?rest_route=\/wp\/v2\/types\/page"}],"author":[{"embeddable":true,"href":"https:\/\/bielskimeble.pl\/index.php?rest_route=\/wp\/v2\/users\/1"}],"replies":[{"embeddable":true,"href":"https:\/\/bielskimeble.pl\/index.php?rest_route=%2Fwp%2Fv2%2Fcomments&post=1919"}],"version-history":[{"count":4,"href":"https:\/\/bielskimeble.pl\/index.php?rest_route=\/wp\/v2\/pages\/1919\/revisions"}],"predecessor-version":[{"id":1925,"href":"https:\/\/bielskimeble.pl\/index.php?rest_route=\/wp\/v2\/pages\/1919\/revisions\/1925"}],"wp:attachment":[{"href":"https:\/\/bielskimeble.pl\/index.php?rest_route=%2Fwp%2Fv2%2Fmedia&parent=1919"}],"curies":[{"name":"wp","href":"https:\/\/api.w.org\/{rel}","templated":true}]}}